{"id":2,"date":"2022-04-22T20:16:19","date_gmt":"2022-04-22T18:16:19","guid":{"rendered":"http:\/\/monaccokrynicamorska.pl\/?page_id=2"},"modified":"2022-05-05T14:14:41","modified_gmt":"2022-05-05T12:14:41","slug":"strona-glowna","status":"publish","type":"page","link":"https:\/\/monaccokrynicamorska.pl\/","title":{"rendered":"Apartamenty Krynica Morska"},"content":{"rendered":"\n<figure class=\"wp-block-image alignwide size-large\"><img loading=\"lazy\" decoding=\"async\" width=\"1024\" height=\"695\" src=\"https:\/\/monaccokrynicamorska.pl\/wp-content\/uploads\/2022\/04\/Monacco-1-1024x695.jpg\" alt=\"\" class=\"wp-image-77\" srcset=\"https:\/\/monaccokrynicamorska.pl\/wp-content\/uploads\/2022\/04\/Monacco-1-1024x695.jpg 1024w, https:\/\/monaccokrynicamorska.pl\/wp-content\/uploads\/2022\/04\/Monacco-1-300x204.jpg 300w, https:\/\/monaccokrynicamorska.pl\/wp-content\/uploads\/2022\/04\/Monacco-1-768x521.jpg 768w, https:\/\/monaccokrynicamorska.pl\/wp-content\/uploads\/2022\/04\/Monacco-1-1240x841.jpg 1240w, https:\/\/monaccokrynicamorska.pl\/wp-content\/uploads\/2022\/04\/Monacco-1-508x345.jpg 508w, https:\/\/monaccokrynicamorska.pl\/wp-content\/uploads\/2022\/04\/Monacco-1.jpg 1263w\" sizes=\"auto, (max-width: 1024px) 100vw, 1024px\" \/><\/figure>\n\n\n\n<p class=\"has-text-align-center\"><\/p>\n\n\n\n<p><\/p>\n\n\n\n<p><em>W pe\u0142ni wyposa\u017cone oraz klimatyzowane apartamenty, ulokowane w nowoczesnej bryle budynku ca\u0142kowicie odnowionego w 2020 roku, znajduj\u0105cego si\u0119 w centrum miasta Krynica Morska, w bliskiej odleg\u0142o\u015bci od morza (650m) a jednocze\u015bnie granicz\u0105cego ze \u015bcian\u0105 lasu.<\/em><\/p>\n\n\n\n<p class=\"has-text-align-left\"><em>Na terenie posesji istnieje mo\u017cliwo\u015b\u0107 bezp\u0142atnego parkowania samochodu oraz dost\u0119p do sieci WI-FI a do Pa\u0144stwa dyspozycji jest ogr\u00f3dek, kt\u00f3rego najwi\u0119ksz\u0105 atrakcj\u0105 jest relaksuj\u0105ca k\u0105piel w jacuzzi.<\/em><\/p>\n\n\n\n<p><em>Wszystkie apartamenty posiadaj\u0105 osobne wej\u015bcia, w pe\u0142ni wyposa\u017cone aneksy kuchenne przestronne \u0142azienki. Cz\u0119\u015b\u0107 rekreacyjna nieruchomo\u015bci wyposa\u017cona jest w rowery, sprz\u0119t ogrodowy, relaksuj\u0105cy, grilla i piaskownic\u0119.<\/em><\/p>\n","protected":false},"excerpt":{"rendered":"<p>W pe\u0142ni wyposa\u017cone oraz klimatyzowane apartamenty, ulokowane w nowoczesnej bryle budynku ca\u0142kowicie odnowionego w 2020 roku, znajduj\u0105cego si\u0119 w centrum miasta Krynica Morska, w bliskiej odleg\u0142o\u015bci od morza (650m) a jednocze\u015bnie granicz\u0105cego ze \u015bcian\u0105 lasu. Na terenie posesji istnieje mo\u017cliwo\u015b\u0107 bezp\u0142atnego parkowania samochodu oraz dost\u0119p do sieci WI-FI a do Pa\u0144stwa dyspozycji jest ogr\u00f3dek, kt\u00f3rego [&hellip;]<\/p>\n","protected":false},"author":1,"featured_media":0,"parent":0,"menu_order":0,"comment_status":"closed","ping_status":"closed","template":"","meta":{"footnotes":""},"class_list":["post-2","page","type-page","status-publish","hentry"],"_links":{"self":[{"href":"https:\/\/monaccokrynicamorska.pl\/index.php\/wp-json\/wp\/v2\/pages\/2","targetHints":{"allow":["GET"]}}],"collection":[{"href":"https:\/\/monaccokrynicamorska.pl\/index.php\/wp-json\/wp\/v2\/pages"}],"about":[{"href":"https:\/\/monaccokrynicamorska.pl\/index.php\/wp-json\/wp\/v2\/types\/page"}],"author":[{"embeddable":true,"href":"https:\/\/monaccokrynicamorska.pl\/index.php\/wp-json\/wp\/v2\/users\/1"}],"replies":[{"embeddable":true,"href":"https:\/\/monaccokrynicamorska.pl\/index.php\/wp-json\/wp\/v2\/comments?post=2"}],"version-history":[{"count":17,"href":"https:\/\/monaccokrynicamorska.pl\/index.php\/wp-json\/wp\/v2\/pages\/2\/revisions"}],"predecessor-version":[{"id":130,"href":"https:\/\/monaccokrynicamorska.pl\/index.php\/wp-json\/wp\/v2\/pages\/2\/revisions\/130"}],"wp:attachment":[{"href":"https:\/\/monaccokrynicamorska.pl\/index.php\/wp-json\/wp\/v2\/media?parent=2"}],"curies":[{"name":"wp","href":"https:\/\/api.w.org\/{rel}","templated":true}]}}