{"id":308,"date":"2024-10-14T20:04:12","date_gmt":"2024-10-14T18:04:12","guid":{"rendered":"https:\/\/monaccokrynicamorska.pl\/?page_id=308"},"modified":"2025-03-25T00:22:06","modified_gmt":"2025-03-24T23:22:06","slug":"aktualne-oferty","status":"publish","type":"page","link":"https:\/\/monaccokrynicamorska.pl\/index.php\/aktualne-oferty\/","title":{"rendered":"* Aktualne Oferty *"},"content":{"rendered":"\n<p><\/p>\n\n\n\n<figure class=\"wp-block-image size-full\"><img loading=\"lazy\" decoding=\"async\" width=\"1131\" height=\"1600\" src=\"https:\/\/monaccokrynicamorska.pl\/wp-content\/uploads\/2025\/03\/m1.jpg\" alt=\"\" class=\"wp-image-351\" srcset=\"https:\/\/monaccokrynicamorska.pl\/wp-content\/uploads\/2025\/03\/m1.jpg 1131w, https:\/\/monaccokrynicamorska.pl\/wp-content\/uploads\/2025\/03\/m1-212x300.jpg 212w, https:\/\/monaccokrynicamorska.pl\/wp-content\/uploads\/2025\/03\/m1-724x1024.jpg 724w, https:\/\/monaccokrynicamorska.pl\/wp-content\/uploads\/2025\/03\/m1-768x1086.jpg 768w, https:\/\/monaccokrynicamorska.pl\/wp-content\/uploads\/2025\/03\/m1-1086x1536.jpg 1086w, https:\/\/monaccokrynicamorska.pl\/wp-content\/uploads\/2025\/03\/m1-508x719.jpg 508w\" sizes=\"auto, (max-width: 1131px) 100vw, 1131px\" \/><\/figure>\n\n\n\n<figure class=\"wp-block-image size-full\"><img loading=\"lazy\" decoding=\"async\" width=\"940\" height=\"788\" src=\"https:\/\/monaccokrynicamorska.pl\/wp-content\/uploads\/2025\/03\/m2.jpg\" alt=\"\" class=\"wp-image-350\" srcset=\"https:\/\/monaccokrynicamorska.pl\/wp-content\/uploads\/2025\/03\/m2.jpg 940w, https:\/\/monaccokrynicamorska.pl\/wp-content\/uploads\/2025\/03\/m2-300x251.jpg 300w, https:\/\/monaccokrynicamorska.pl\/wp-content\/uploads\/2025\/03\/m2-768x644.jpg 768w, https:\/\/monaccokrynicamorska.pl\/wp-content\/uploads\/2025\/03\/m2-508x426.jpg 508w\" sizes=\"auto, (max-width: 940px) 100vw, 940px\" \/><\/figure>\n\n\n\n<p><\/p>\n\n\n\n<p><\/p>\n\n\n\n<p><em>Zapytaj nas r\u00f3wnie\u017c o ofert\u0119 w innym terminie dogodnym dla siebie<\/em> <\/p>\n","protected":false},"excerpt":{"rendered":"<p>Zapytaj nas r\u00f3wnie\u017c o ofert\u0119 w innym terminie dogodnym dla siebie<\/p>\n","protected":false},"author":1,"featured_media":0,"parent":0,"menu_order":0,"comment_status":"closed","ping_status":"closed","template":"","meta":{"footnotes":""},"class_list":["post-308","page","type-page","status-publish","hentry"],"_links":{"self":[{"href":"https:\/\/monaccokrynicamorska.pl\/index.php\/wp-json\/wp\/v2\/pages\/308","targetHints":{"allow":["GET"]}}],"collection":[{"href":"https:\/\/monaccokrynicamorska.pl\/index.php\/wp-json\/wp\/v2\/pages"}],"about":[{"href":"https:\/\/monaccokrynicamorska.pl\/index.php\/wp-json\/wp\/v2\/types\/page"}],"author":[{"embeddable":true,"href":"https:\/\/monaccokrynicamorska.pl\/index.php\/wp-json\/wp\/v2\/users\/1"}],"replies":[{"embeddable":true,"href":"https:\/\/monaccokrynicamorska.pl\/index.php\/wp-json\/wp\/v2\/comments?post=308"}],"version-history":[{"count":15,"href":"https:\/\/monaccokrynicamorska.pl\/index.php\/wp-json\/wp\/v2\/pages\/308\/revisions"}],"predecessor-version":[{"id":353,"href":"https:\/\/monaccokrynicamorska.pl\/index.php\/wp-json\/wp\/v2\/pages\/308\/revisions\/353"}],"wp:attachment":[{"href":"https:\/\/monaccokrynicamorska.pl\/index.php\/wp-json\/wp\/v2\/media?parent=308"}],"curies":[{"name":"wp","href":"https:\/\/api.w.org\/{rel}","templated":true}]}}