{"id":36,"date":"2022-04-22T21:24:28","date_gmt":"2022-04-22T19:24:28","guid":{"rendered":"http:\/\/monaccokrynicamorska.pl\/?page_id=36"},"modified":"2022-04-22T22:31:15","modified_gmt":"2022-04-22T20:31:15","slug":"krynica-morska","status":"publish","type":"page","link":"https:\/\/monaccokrynicamorska.pl\/index.php\/krynica-morska\/","title":{"rendered":"Krynica Morska"},"content":{"rendered":"\n<figure class=\"wp-block-image alignwide size-full\"><img loading=\"lazy\" decoding=\"async\" width=\"1008\" height=\"756\" src=\"https:\/\/monaccokrynicamorska.pl\/wp-content\/uploads\/2022\/04\/Balkon.jpg\" alt=\"\" class=\"wp-image-47\" srcset=\"https:\/\/monaccokrynicamorska.pl\/wp-content\/uploads\/2022\/04\/Balkon.jpg 1008w, https:\/\/monaccokrynicamorska.pl\/wp-content\/uploads\/2022\/04\/Balkon-300x225.jpg 300w, https:\/\/monaccokrynicamorska.pl\/wp-content\/uploads\/2022\/04\/Balkon-768x576.jpg 768w, https:\/\/monaccokrynicamorska.pl\/wp-content\/uploads\/2022\/04\/Balkon-508x381.jpg 508w\" sizes=\"auto, (max-width: 1008px) 100vw, 1008px\" \/><\/figure>\n\n\n\n<p><\/p>\n\n\n\n<p><\/p>\n\n\n\n<p><em>Miasto w wojew\u00f3dztwie pomorskim, na Mierzei Wi\u015blanej, po\u0142o\u017cone mi\u0119dzy Zatok\u0105 Gda\u0144sk\u0105 a Zalewem Wi\u015blanym. Ca\u0142y obszar Krynicy Morskiej nale\u017cy do Parku Krajobrazowego Mierzei Wi\u015blanej, co niew\u0105tpliwie stanowi dodatkowy atut miasta, podkre\u015blaj\u0105cy jego malowniczo\u015b\u0107.<\/em><\/p>\n\n\n\n<p><em>Krynica Morska zach\u0119ca bogatymi atrakcjami turystycznymi. Sama Mierzeja Wi\u015blana jest wielk\u0105 wydm\u0105, w niekt\u00f3rych miejscach tworz\u0105c\u0105 spadziste klify o bardzo zr\u00f3\u017cnicowanej wysoko\u015bci. S\u0105 to idealne miejsca na wycieczki zar\u00f3wno piesze, jak i rowerowe, wyj\u0105tkowe pod wzgl\u0119dem niezapomnianych widok\u00f3w. Osoby preferuj\u0105ce aktywny tryb \u017cycia maj\u0105 r\u00f3wnie\u017c mo\u017cliwo\u015b\u0107 sp\u0119dzenia czasu w parku linowym oferuj\u0105cym liczne trasy o r\u00f3\u017cnym stopniu trudno\u015bci, zar\u00f3wno dla dzieci, jak i dla doros\u0142ych.<\/em><\/p>\n\n\n\n<p><em>Do obowi\u0105zkowych punk\u00f3w wycieczkowych ka\u017cdego wczasowicza nale\u017cy latarnia morska i port morski. Dla pasjonat\u00f3w architektury z pewno\u015bci\u0105 warty zainteresowania jest Ko\u015bci\u00f3\u0142 \u015bw. Piotra Aposto\u0142a i \u015bw. Franciszka z Asy\u017cu, natomiast dla os\u00f3b ceni\u0105cych dzie\u0142a rze\u017abiarskie miasto zosta\u0142o wzbogacone w kilka pomnik\u00f3w, z kt\u00f3rych najbardziej znany to Pomnik Pierwszych Osadnik\u00f3w.<\/em><\/p>\n\n\n\n<p><em>Usytuowanie Krynicy Morskiej w \u015brodkowej cz\u0119\u015bci Mierzei Wi\u015blanej sprawia, \u017ce jest to idealne miejsce wypadowe r\u00f3wnie\u017c w jej dalsze okolice. Sama miejscowo\u015b\u0107 jest bardzo przytulna \u2013 pod wzgl\u0119dem liczby ludno\u015bci jest jednym z najmniejszych miast w kraju, ale pod wzgl\u0119dem powierzchni zajmuje ju\u017c znacznie wy\u017csz\u0105 pozycj\u0119 w\u015br\u00f3d polskich miast i tym samym oferuje wiele atrakcji dla ka\u017cdego wczasowicza. &nbsp;&nbsp;&nbsp;&nbsp;&nbsp;<\/em><\/p>\n","protected":false},"excerpt":{"rendered":"<p>Miasto w wojew\u00f3dztwie pomorskim, na Mierzei Wi\u015blanej, po\u0142o\u017cone mi\u0119dzy Zatok\u0105 Gda\u0144sk\u0105 a Zalewem Wi\u015blanym. Ca\u0142y obszar Krynicy Morskiej nale\u017cy do Parku Krajobrazowego Mierzei Wi\u015blanej, co niew\u0105tpliwie stanowi dodatkowy atut miasta, podkre\u015blaj\u0105cy jego malowniczo\u015b\u0107. Krynica Morska zach\u0119ca bogatymi atrakcjami turystycznymi. Sama Mierzeja Wi\u015blana jest wielk\u0105 wydm\u0105, w niekt\u00f3rych miejscach tworz\u0105c\u0105 spadziste klify o bardzo zr\u00f3\u017cnicowanej wysoko\u015bci. [&hellip;]<\/p>\n","protected":false},"author":1,"featured_media":0,"parent":0,"menu_order":0,"comment_status":"closed","ping_status":"closed","template":"","meta":{"footnotes":""},"class_list":["post-36","page","type-page","status-publish","hentry"],"_links":{"self":[{"href":"https:\/\/monaccokrynicamorska.pl\/index.php\/wp-json\/wp\/v2\/pages\/36","targetHints":{"allow":["GET"]}}],"collection":[{"href":"https:\/\/monaccokrynicamorska.pl\/index.php\/wp-json\/wp\/v2\/pages"}],"about":[{"href":"https:\/\/monaccokrynicamorska.pl\/index.php\/wp-json\/wp\/v2\/types\/page"}],"author":[{"embeddable":true,"href":"https:\/\/monaccokrynicamorska.pl\/index.php\/wp-json\/wp\/v2\/users\/1"}],"replies":[{"embeddable":true,"href":"https:\/\/monaccokrynicamorska.pl\/index.php\/wp-json\/wp\/v2\/comments?post=36"}],"version-history":[{"count":4,"href":"https:\/\/monaccokrynicamorska.pl\/index.php\/wp-json\/wp\/v2\/pages\/36\/revisions"}],"predecessor-version":[{"id":75,"href":"https:\/\/monaccokrynicamorska.pl\/index.php\/wp-json\/wp\/v2\/pages\/36\/revisions\/75"}],"wp:attachment":[{"href":"https:\/\/monaccokrynicamorska.pl\/index.php\/wp-json\/wp\/v2\/media?parent=36"}],"curies":[{"name":"wp","href":"https:\/\/api.w.org\/{rel}","templated":true}]}}