{"id":97,"date":"2022-05-03T11:16:00","date_gmt":"2022-05-03T09:16:00","guid":{"rendered":"https:\/\/monaccokrynicamorska.pl\/?page_id=97"},"modified":"2024-10-14T20:18:45","modified_gmt":"2024-10-14T18:18:45","slug":"apartamenty","status":"publish","type":"page","link":"https:\/\/monaccokrynicamorska.pl\/index.php\/apartamenty\/","title":{"rendered":"Apartamenty"},"content":{"rendered":"\n<div class=\"wp-block-group\"><div class=\"wp-block-group__inner-container is-layout-flow wp-block-group-is-layout-flow\">\n<div class=\"wp-block-columns is-layout-flex wp-container-core-columns-is-layout-9d6595d7 wp-block-columns-is-layout-flex\">\n<div class=\"wp-block-column is-layout-flow wp-block-column-is-layout-flow\" style=\"flex-basis:100%\">\n<div class=\"wp-block-group\"><div class=\"wp-block-group__inner-container is-layout-flow wp-block-group-is-layout-flow\">\n<div class=\"wp-block-columns alignwide is-layout-flex wp-container-core-columns-is-layout-9d6595d7 wp-block-columns-is-layout-flex\">\n<div class=\"wp-block-column is-vertically-aligned-center is-layout-flow wp-block-column-is-layout-flow\" style=\"flex-basis:200%\"><\/div>\n<\/div>\n<\/div><\/div>\n<\/div>\n<\/div>\n\n\n\n<p class=\"has-text-align-center has-normal-font-size\"><em>Dla naszych go\u015bci mamy r\u00f3wnie\u017c w ofercie wyj\u0105tkowy Apartament z oddzielnym wej\u015bciem przeznaczony do zakwaterowania 4 os\u00f3b w tym dwoje dzieci. Jest klimatyzowany. Posiada dwa pokoje oraz sypialnie z w\u0142oskim \u0142o\u017cem o wymiarach 2,00x 220. Jest te\u017c szafa, komoda, fotel, 60 calowy telewizor, radio z kolumnami g\u0142o\u015bnikowymi oraz salon z kominkiem i sof\u0105 rozk\u0142adan\u0105 160x 200 cm, 60 calowy telewizor. Aneks kuchenny z wyposa\u017ceniem i z kuchnia indukcyjn\u0105, st\u00f3\u0142 z krzes\u0142ami dla 4 os\u00f3b mikrofal\u00f3wka, ekspres do kawy. Dwie \u0142azienki garderoba, wyj\u015bcie z sypialni i salonu na oddzielne du\u017ce loggie, w wyposa\u017ceniu suszarka do w\u0142os\u00f3w, \u017celazko i pralka, koszt wynaj\u0119cia apart za dob\u0119 800 z\u0142 . W pakiecie r\u00f3wnie\u017c ogr\u00f3d z jakuzzi, piaskownica, sprz\u0119t ogrodowy z grillem do wsp\u00f3lnego korzystania&nbsp;i&nbsp;rowery.<\/em><\/p>\n<\/div><\/div>\n","protected":false},"excerpt":{"rendered":"<p>Dla naszych go\u015bci mamy r\u00f3wnie\u017c w ofercie wyj\u0105tkowy Apartament z oddzielnym wej\u015bciem przeznaczony do zakwaterowania 4 os\u00f3b w tym dwoje dzieci. Jest klimatyzowany. Posiada dwa pokoje oraz sypialnie z w\u0142oskim \u0142o\u017cem o wymiarach 2,00x 220. Jest te\u017c szafa, komoda, fotel, 60 calowy telewizor, radio z kolumnami g\u0142o\u015bnikowymi oraz salon z kominkiem i sof\u0105 rozk\u0142adan\u0105 160x [&hellip;]<\/p>\n","protected":false},"author":1,"featured_media":318,"parent":0,"menu_order":0,"comment_status":"closed","ping_status":"closed","template":"","meta":{"footnotes":""},"class_list":["post-97","page","type-page","status-publish","has-post-thumbnail","hentry"],"_links":{"self":[{"href":"https:\/\/monaccokrynicamorska.pl\/index.php\/wp-json\/wp\/v2\/pages\/97","targetHints":{"allow":["GET"]}}],"collection":[{"href":"https:\/\/monaccokrynicamorska.pl\/index.php\/wp-json\/wp\/v2\/pages"}],"about":[{"href":"https:\/\/monaccokrynicamorska.pl\/index.php\/wp-json\/wp\/v2\/types\/page"}],"author":[{"embeddable":true,"href":"https:\/\/monaccokrynicamorska.pl\/index.php\/wp-json\/wp\/v2\/users\/1"}],"replies":[{"embeddable":true,"href":"https:\/\/monaccokrynicamorska.pl\/index.php\/wp-json\/wp\/v2\/comments?post=97"}],"version-history":[{"count":23,"href":"https:\/\/monaccokrynicamorska.pl\/index.php\/wp-json\/wp\/v2\/pages\/97\/revisions"}],"predecessor-version":[{"id":319,"href":"https:\/\/monaccokrynicamorska.pl\/index.php\/wp-json\/wp\/v2\/pages\/97\/revisions\/319"}],"wp:featuredmedia":[{"embeddable":true,"href":"https:\/\/monaccokrynicamorska.pl\/index.php\/wp-json\/wp\/v2\/media\/318"}],"wp:attachment":[{"href":"https:\/\/monaccokrynicamorska.pl\/index.php\/wp-json\/wp\/v2\/media?parent=97"}],"curies":[{"name":"wp","href":"https:\/\/api.w.org\/{rel}","templated":true}]}}